{"id":240,"date":"2016-11-06T00:11:41","date_gmt":"2016-11-05T23:11:41","guid":{"rendered":"https:\/\/oceanwp.org\/gym\/?page_id=240"},"modified":"2026-01-27T11:14:55","modified_gmt":"2026-01-27T10:14:55","slug":"accueil","status":"publish","type":"page","link":"https:\/\/www.cnpcv.org\/","title":{"rendered":"Accueil"},"content":{"rendered":"\t\t<div data-elementor-type=\"wp-page\" data-elementor-id=\"240\" class=\"elementor elementor-240\">\n\t\t\t\t\t\t<div class=\"elementor-inner\">\n\t\t\t\t<div class=\"elementor-section-wrap\">\n\t\t\t\t\t\t\t\t\t<section class=\"elementor-section elementor-top-section elementor-element elementor-element-yj8dq0l elementor-section-height-min-height elementor-section-content-middle elementor-section-boxed elementor-section-height-default elementor-section-items-middle\" data-id=\"yj8dq0l\" data-element_type=\"section\" data-settings=\"{&quot;background_background&quot;:&quot;classic&quot;,&quot;_ha_eqh_enable&quot;:false}\">\n\t\t\t\t\t\t\t<div class=\"elementor-background-overlay\"><\/div>\n\t\t\t\t\t\t\t<div class=\"elementor-container elementor-column-gap-default\">\n\t\t\t\t\t\t\t<div class=\"elementor-row\">\n\t\t\t\t\t<div class=\"elementor-column elementor-col-100 elementor-top-column elementor-element elementor-element-0ixf4xa\" data-id=\"0ixf4xa\" data-element_type=\"column\">\n\t\t\t<div class=\"elementor-column-wrap elementor-element-populated\">\n\t\t\t\t\t\t\t<div class=\"elementor-widget-wrap\">\n\t\t\t\t\t\t<div class=\"elementor-element elementor-element-4ujq102 elementor-widget elementor-widget-text-editor\" data-id=\"4ujq102\" data-element_type=\"widget\" data-widget_type=\"text-editor.default\">\n\t\t\t\t<div class=\"elementor-widget-container\">\n\t\t\t\t\t\t\t\t<div class=\"elementor-text-editor elementor-clearfix\">\n\t\t\t\t<p>Le CNPCV est un organisme officiel repr\u00e9sentant les sp\u00e9cialistes des maladies cardiovasculaires. Il regroupe \u00e0 parit\u00e9 des m\u00e9decins exer\u00e7ant sur un mode salari\u00e9 et un mode lib\u00e9ral. Les structures constituantes du CNPCV sont la Soci\u00e9t\u00e9 Fran\u00e7aise de Cardiologie (SFC), le Coll\u00e8ge National des Cardiologues des H\u00f4pitaux (CNCH), le Syndicat National des Cardiologues (SNC) et le Coll\u00e8ge National des Cardiologues Fran\u00e7ais (CNCF). <\/p>\t\t\t\t\t<\/div>\n\t\t\t\t\t\t<\/div>\n\t\t\t\t<\/div>\n\t\t\t\t<section class=\"elementor-section elementor-inner-section elementor-element elementor-element-b2tvf1k elementor-section-boxed elementor-section-height-default elementor-section-height-default\" data-id=\"b2tvf1k\" data-element_type=\"section\" data-settings=\"{&quot;_ha_eqh_enable&quot;:false}\">\n\t\t\t\t\t\t<div class=\"elementor-container elementor-column-gap-default\">\n\t\t\t\t\t\t\t<div class=\"elementor-row\">\n\t\t\t\t\t<div class=\"elementor-column elementor-col-50 elementor-inner-column elementor-element elementor-element-jhosqo5\" data-id=\"jhosqo5\" data-element_type=\"column\">\n\t\t\t<div class=\"elementor-column-wrap elementor-element-populated\">\n\t\t\t\t\t\t\t<div class=\"elementor-widget-wrap\">\n\t\t\t\t\t\t<div class=\"elementor-element elementor-element-n805xvl elementor-align-right hero-btn elementor-widget elementor-widget-button\" data-id=\"n805xvl\" data-element_type=\"widget\" data-widget_type=\"button.default\">\n\t\t\t\t<div class=\"elementor-widget-container\">\n\t\t\t\t\t<div class=\"elementor-button-wrapper\">\n\t\t\t<a href=\"\/index.php\/le_cnpcv\/presentation-cnpcv\/\" class=\"elementor-button-link elementor-button elementor-size-sm\" role=\"button\">\n\t\t\t\t\t\t<span class=\"elementor-button-content-wrapper\">\n\t\t\t\t\t\t<span class=\"elementor-button-text\">Conna\u00eetre le CNPCV<\/span>\n\t\t<\/span>\n\t\t\t\t\t<\/a>\n\t\t<\/div>\n\t\t\t\t<\/div>\n\t\t\t\t<\/div>\n\t\t\t\t\t\t<\/div>\n\t\t\t\t\t<\/div>\n\t\t<\/div>\n\t\t\t\t<div class=\"elementor-column elementor-col-50 elementor-inner-column elementor-element elementor-element-x9asnz1\" data-id=\"x9asnz1\" data-element_type=\"column\">\n\t\t\t<div class=\"elementor-column-wrap elementor-element-populated\">\n\t\t\t\t\t\t\t<div class=\"elementor-widget-wrap\">\n\t\t\t\t\t\t<div class=\"elementor-element elementor-element-uiefq2m elementor-align-left hero-btn elementor-widget elementor-widget-button\" data-id=\"uiefq2m\" data-element_type=\"widget\" data-widget_type=\"button.default\">\n\t\t\t\t<div class=\"elementor-widget-container\">\n\t\t\t\t\t<div class=\"elementor-button-wrapper\">\n\t\t\t<a href=\"\/index.php\/le_cnpcv\/objectifs-cnpcv\/\" class=\"elementor-button-link elementor-button elementor-size-sm\" role=\"button\">\n\t\t\t\t\t\t<span class=\"elementor-button-content-wrapper\">\n\t\t\t\t\t\t<span class=\"elementor-button-text\">Les objectifs du CNPCV<\/span>\n\t\t<\/span>\n\t\t\t\t\t<\/a>\n\t\t<\/div>\n\t\t\t\t<\/div>\n\t\t\t\t<\/div>\n\t\t\t\t\t\t<\/div>\n\t\t\t\t\t<\/div>\n\t\t<\/div>\n\t\t\t\t\t\t\t\t<\/div>\n\t\t\t\t\t<\/div>\n\t\t<\/section>\n\t\t\t\t\t\t<\/div>\n\t\t\t\t\t<\/div>\n\t\t<\/div>\n\t\t\t\t\t\t\t\t<\/div>\n\t\t\t\t\t<\/div>\n\t\t<\/section>\n\t\t\t\t<section class=\"elementor-section elementor-top-section elementor-element elementor-element-0eb040a elementor-section-boxed elementor-section-height-default elementor-section-height-default\" data-id=\"0eb040a\" data-element_type=\"section\" data-settings=\"{&quot;_ha_eqh_enable&quot;:false}\">\n\t\t\t\t\t\t<div class=\"elementor-container elementor-column-gap-default\">\n\t\t\t\t\t\t\t<div class=\"elementor-row\">\n\t\t\t\t\t<div class=\"elementor-column elementor-col-100 elementor-top-column elementor-element elementor-element-b44d721\" data-id=\"b44d721\" data-element_type=\"column\">\n\t\t\t<div class=\"elementor-column-wrap\">\n\t\t\t\t\t\t\t<div class=\"elementor-widget-wrap\">\n\t\t\t\t\t\t\t\t<\/div>\n\t\t\t\t\t<\/div>\n\t\t<\/div>\n\t\t\t\t\t\t\t\t<\/div>\n\t\t\t\t\t<\/div>\n\t\t<\/section>\n\t\t\t\t<section class=\"elementor-section elementor-top-section elementor-element elementor-element-v7k6v7u elementor-section-boxed elementor-section-height-default elementor-section-height-default\" data-id=\"v7k6v7u\" data-element_type=\"section\" data-settings=\"{&quot;background_background&quot;:&quot;classic&quot;,&quot;_ha_eqh_enable&quot;:false}\">\n\t\t\t\t\t\t<div class=\"elementor-container elementor-column-gap-default\">\n\t\t\t\t\t\t\t<div class=\"elementor-row\">\n\t\t\t\t\t<div class=\"elementor-column elementor-col-100 elementor-top-column elementor-element elementor-element-m4tyrf2\" data-id=\"m4tyrf2\" data-element_type=\"column\">\n\t\t\t<div class=\"elementor-column-wrap elementor-element-populated\">\n\t\t\t\t\t\t\t<div class=\"elementor-widget-wrap\">\n\t\t\t\t\t\t<div class=\"elementor-element elementor-element-c6d5c38 elementor-widget elementor-widget-htmega-postgrid-addons\" data-id=\"c6d5c38\" data-element_type=\"widget\" data-widget_type=\"htmega-postgrid-addons.default\">\n\t\t\t\t<div class=\"elementor-widget-container\">\n\t\t\t            \r\n        <div class=\"htmega-post-grid-area htmega-post-grid-layout-2\">\r\n            <div class=\"htb-col\">\r\n                <div class=\"row-1 htb-row\">\r\n                    \r\n                        \r\n                                                            <div class=\"htb-col-lg-3 htb-col-sm-6 htb-col-12\">\r\n                                                                                                 <div class=\"ht-post\">\r\n                                        <div class=\"thumb\">\r\n                                            <a href=\"https:\/\/www.cnpcv.org\/index.php\/tensions-dapprovisionnement-en-propranolol-40-mg-recommandation-de-remplacement\/\">\r\n                                                <img src=\"https:\/\/www.cnpcv.org\/wp-content\/plugins\/ht-mega-for-elementor\/\/assets\/images\/image-placeholder.png\" alt=\"Tensions d\u2019approvisionnement en propranolol 40 mg : Recommandation de remplacement\" \/>                                            <\/a>\r\n                                        <\/div>\r\n                                                                                                <a href=\"https:\/\/www.cnpcv.org\/index.php\/category\/non-classe\/\" class=\"category post-category post-position-top-left non-classe\">Non class\u00e9<\/a>\r\n                                                                                            <div class=\"post-content\">\r\n                                            <div class=\"content\">\r\n                                                                                                    <h4><a href=\"https:\/\/www.cnpcv.org\/index.php\/tensions-dapprovisionnement-en-propranolol-40-mg-recommandation-de-remplacement\/\">Tensions d\u2019approvisionnement en propranolol 40 mg<\/a><\/h4>\r\n                                                                                            <\/div>\r\n                                        <\/div>\r\n                                    <\/div>\r\n                                                            \r\n                            \r\n                                                                                         \r\n\r\n                        \r\n                                    <\/div>\r\n            <\/div>\r\n        <\/div>\r\n\r\n        \t\t<\/div>\n\t\t\t\t<\/div>\n\t\t\t\t<div class=\"elementor-element elementor-element-4588663 elementor-widget elementor-widget-heading\" data-id=\"4588663\" data-element_type=\"widget\" data-widget_type=\"heading.default\">\n\t\t\t\t<div class=\"elementor-widget-container\">\n\t\t\t<h2 class=\"elementor-heading-title elementor-size-default\">Les MEMBRES du CNPCV<\/h2>\t\t<\/div>\n\t\t\t\t<\/div>\n\t\t\t\t<div class=\"elementor-element elementor-element-03b89a7 elementor-widget elementor-widget-ha-carousel happy-addon ha-carousel\" data-id=\"03b89a7\" data-element_type=\"widget\" data-settings=\"{&quot;navigation&quot;:&quot;none&quot;,&quot;animation_speed&quot;:300,&quot;slides_to_show&quot;:4,&quot;slides_to_show_tablet&quot;:3,&quot;slides_to_show_mobile&quot;:2}\" data-widget_type=\"ha-carousel.default\">\n\t\t\t\t<div class=\"elementor-widget-container\">\n\t\t\t\n\t\t<div class=\"hajs-slick ha-slick ha-slick--carousel\">\n\n\t\t\t\n\t\t\t\t<div class=\"ha-slick-slide slick-slide\">\n\t\t\t\t\t<a class=\"ha-slick-item\" href=\"https:\/\/cncf.eu\/\" target=\"_blank\">\n\t\t\t\t\t\t\t\t\t\t\t\t\t<img class=\"ha-slick-img\" src=\"https:\/\/www.cnpcv.org\/wp-content\/uploads\/2020\/07\/Logo-CNCF-150x150.jpg\" alt=\"\">\n\t\t\t\t\t\t\n\t\t\t\t\t\t\t\t\t\t\t<\/a>\n\t\t\t\t<\/div>\n\n\t\t\t\n\t\t\t\t<div class=\"ha-slick-slide slick-slide\">\n\t\t\t\t\t<a class=\"ha-slick-item\" href=\"https:\/\/www.cnch.fr\/\" target=\"_blank\">\n\t\t\t\t\t\t\t\t\t\t\t\t\t<img class=\"ha-slick-img\" src=\"https:\/\/www.cnpcv.org\/wp-content\/uploads\/2020\/07\/Logo-CNCH-150x150.jpg\" alt=\"\">\n\t\t\t\t\t\t\n\t\t\t\t\t\t\t\t\t\t\t<\/a>\n\t\t\t\t<\/div>\n\n\t\t\t\n\t\t\t\t<div class=\"ha-slick-slide slick-slide\">\n\t\t\t\t\t<a class=\"ha-slick-item\" href=\"https:\/\/www.sfcardio.fr\/\" target=\"_blank\">\n\t\t\t\t\t\t\t\t\t\t\t\t\t<img class=\"ha-slick-img\" src=\"https:\/\/www.cnpcv.org\/wp-content\/uploads\/2020\/07\/Logo-SFC-150x150.jpg\" alt=\"\">\n\t\t\t\t\t\t\n\t\t\t\t\t\t\t\t\t\t\t<\/a>\n\t\t\t\t<\/div>\n\n\t\t\t\n\t\t\t\t<div class=\"ha-slick-slide slick-slide\">\n\t\t\t\t\t<a class=\"ha-slick-item\" href=\"https:\/\/sncardiologues.fr\/\" target=\"_blank\">\n\t\t\t\t\t\t\t\t\t\t\t\t\t<img class=\"ha-slick-img\" src=\"https:\/\/www.cnpcv.org\/wp-content\/uploads\/2020\/07\/Logo-SNC-150x150.jpg\" alt=\"\">\n\t\t\t\t\t\t\n\t\t\t\t\t\t\t\t\t\t\t<\/a>\n\t\t\t\t<\/div>\n\n\t\t\t\n\t\t<\/div>\n\n\t\t\n\t\t\n\t\t\t\t<\/div>\n\t\t\t\t<\/div>\n\t\t\t\t\t\t<\/div>\n\t\t\t\t\t<\/div>\n\t\t<\/div>\n\t\t\t\t\t\t\t\t<\/div>\n\t\t\t\t\t<\/div>\n\t\t<\/section>\n\t\t\t\t<section class=\"elementor-section elementor-top-section elementor-element elementor-element-43b3da9 elementor-section-boxed elementor-section-height-default elementor-section-height-default\" data-id=\"43b3da9\" data-element_type=\"section\" data-settings=\"{&quot;background_background&quot;:&quot;classic&quot;,&quot;_ha_eqh_enable&quot;:false}\">\n\t\t\t\t\t\t<div class=\"elementor-container elementor-column-gap-default\">\n\t\t\t\t\t\t\t<div class=\"elementor-row\">\n\t\t\t\t\t<div class=\"elementor-column elementor-col-100 elementor-top-column elementor-element elementor-element-ce80bcd\" data-id=\"ce80bcd\" data-element_type=\"column\">\n\t\t\t<div class=\"elementor-column-wrap\">\n\t\t\t\t\t\t\t<div class=\"elementor-widget-wrap\">\n\t\t\t\t\t\t\t\t<\/div>\n\t\t\t\t\t<\/div>\n\t\t<\/div>\n\t\t\t\t\t\t\t\t<\/div>\n\t\t\t\t\t<\/div>\n\t\t<\/section>\n\t\t\t\t<section class=\"elementor-section elementor-top-section elementor-element elementor-element-33738ac elementor-section-boxed elementor-section-height-default elementor-section-height-default\" data-id=\"33738ac\" data-element_type=\"section\" data-settings=\"{&quot;_ha_eqh_enable&quot;:false}\">\n\t\t\t\t\t\t<div class=\"elementor-container elementor-column-gap-default\">\n\t\t\t\t\t\t\t<div class=\"elementor-row\">\n\t\t\t\t\t<div class=\"elementor-column elementor-col-100 elementor-top-column elementor-element elementor-element-f51e3f3\" data-id=\"f51e3f3\" data-element_type=\"column\">\n\t\t\t<div class=\"elementor-column-wrap\">\n\t\t\t\t\t\t\t<div class=\"elementor-widget-wrap\">\n\t\t\t\t\t\t\t\t<\/div>\n\t\t\t\t\t<\/div>\n\t\t<\/div>\n\t\t\t\t\t\t\t\t<\/div>\n\t\t\t\t\t<\/div>\n\t\t<\/section>\n\t\t\t\t<section class=\"elementor-section elementor-top-section elementor-element elementor-element-8320842 elementor-section-boxed elementor-section-height-default elementor-section-height-default\" data-id=\"8320842\" data-element_type=\"section\" data-settings=\"{&quot;_ha_eqh_enable&quot;:false}\">\n\t\t\t\t\t\t<div class=\"elementor-container elementor-column-gap-default\">\n\t\t\t\t\t\t\t<div class=\"elementor-row\">\n\t\t\t\t\t<div class=\"elementor-column elementor-col-100 elementor-top-column elementor-element elementor-element-ec7e35a\" data-id=\"ec7e35a\" data-element_type=\"column\">\n\t\t\t<div class=\"elementor-column-wrap elementor-element-populated\">\n\t\t\t\t\t\t\t<div class=\"elementor-widget-wrap\">\n\t\t\t\t\t\t<div class=\"elementor-element elementor-element-d920335 elementor-widget elementor-widget-heading\" data-id=\"d920335\" data-element_type=\"widget\" data-widget_type=\"heading.default\">\n\t\t\t\t<div class=\"elementor-widget-container\">\n\t\t\t<h2 class=\"elementor-heading-title elementor-size-default\">POUR CONTACTER VOTRE CNP CARDIOVASCULAIRE<\/h2>\t\t<\/div>\n\t\t\t\t<\/div>\n\t\t\t\t\t\t<\/div>\n\t\t\t\t\t<\/div>\n\t\t<\/div>\n\t\t\t\t\t\t\t\t<\/div>\n\t\t\t\t\t<\/div>\n\t\t<\/section>\n\t\t\t\t<section class=\"elementor-section elementor-top-section elementor-element elementor-element-6ed6676 elementor-section-boxed elementor-section-height-default elementor-section-height-default\" data-id=\"6ed6676\" data-element_type=\"section\" data-settings=\"{&quot;_ha_eqh_enable&quot;:false}\">\n\t\t\t\t\t\t<div class=\"elementor-container elementor-column-gap-default\">\n\t\t\t\t\t\t\t<div class=\"elementor-row\">\n\t\t\t\t\t<div class=\"elementor-column elementor-col-100 elementor-top-column elementor-element elementor-element-d9ca7e4\" data-id=\"d9ca7e4\" data-element_type=\"column\">\n\t\t\t<div class=\"elementor-column-wrap elementor-element-populated\">\n\t\t\t\t\t\t\t<div class=\"elementor-widget-wrap\">\n\t\t\t\t\t\t<div class=\"elementor-element elementor-element-e56fc7a elementor-widget elementor-widget-text-editor\" data-id=\"e56fc7a\" data-element_type=\"widget\" data-widget_type=\"text-editor.default\">\n\t\t\t\t<div class=\"elementor-widget-container\">\n\t\t\t\t\t\t\t\t<div class=\"elementor-text-editor elementor-clearfix\">\n\t\t\t\t<p><span style=\"font-size: 15px; letter-spacing: 0.4px;\">toute demande concernant le DPC (sommeil, &#8230;) via\u00a0<\/span><a style=\"font-size: 15px; background-color: #ffffff; letter-spacing: 0.4px;\" href=\"mailto:dpc@cnpcv.org\">dpc@cnpcv.org<\/a><\/p><p>toute demande concernant la t\u00e9l\u00e9surveillance via\u00a0<a href=\"mailto:guichetnumerique@cnpcv.org\">guichetnumerique@cnpcv.org<\/a><\/p><p>toute autre demande via <a href=\"mailto:cardiologie@cnpcv.org\">cardiologie@cnpcv.org<\/a><\/p>\t\t\t\t\t<\/div>\n\t\t\t\t\t\t<\/div>\n\t\t\t\t<\/div>\n\t\t\t\t<div class=\"elementor-element elementor-element-da113b4 elementor-widget elementor-widget-heading\" data-id=\"da113b4\" data-element_type=\"widget\" data-widget_type=\"heading.default\">\n\t\t\t\t<div class=\"elementor-widget-container\">\n\t\t\t<h2 class=\"elementor-heading-title elementor-size-default\">la fsm<\/h2>\t\t<\/div>\n\t\t\t\t<\/div>\n\t\t\t\t<div class=\"elementor-element elementor-element-c35e361 elementor-position-left elementor-vertical-align-middle elementor-widget elementor-widget-image-box\" data-id=\"c35e361\" data-element_type=\"widget\" data-widget_type=\"image-box.default\">\n\t\t\t\t<div class=\"elementor-widget-container\">\n\t\t\t<div class=\"elementor-image-box-wrapper\"><figure class=\"elementor-image-box-img\"><a href=\"http:\/\/www.specialitesmedicales.org\/\"><img width=\"592\" height=\"365\" src=\"https:\/\/www.cnpcv.org\/wp-content\/uploads\/2020\/12\/Logo-FSM.jpg\" class=\"attachment-full size-full\" alt=\"\" loading=\"lazy\" \/><\/a><\/figure><div class=\"elementor-image-box-content\"><h4 class=\"elementor-image-box-title\"><a href=\"http:\/\/www.specialitesmedicales.org\/\">Le CNPCV est adh\u00e9rent \u00e0 la F\u00e9d\u00e9ration des Sp\u00e9cialit\u00e9s M\u00e9dicales.<\/a><\/h4><p class=\"elementor-image-box-description\">La FSM r\u00e9unit les Conseils Nationaux Professionnels (CNP) de toutes les sp\u00e9cialit\u00e9s m\u00e9dicales.<\/p><\/div><\/div>\t\t<\/div>\n\t\t\t\t<\/div>\n\t\t\t\t\t\t<\/div>\n\t\t\t\t\t<\/div>\n\t\t<\/div>\n\t\t\t\t\t\t\t\t<\/div>\n\t\t\t\t\t<\/div>\n\t\t<\/section>\n\t\t\t\t\t\t\t\t\t<\/div>\n\t\t\t<\/div>\n\t\t\t\t\t<\/div>\n\t\t","protected":false},"excerpt":{"rendered":"<p>Le CNPCV est un organisme officiel repr\u00e9sentant les sp\u00e9cialistes des maladies cardiovasculaires. Il regroupe \u00e0 parit\u00e9 des m\u00e9decins exer\u00e7ant sur un mode salari\u00e9 et un mode lib\u00e9ral. Les structures constituantes du CNPCV sont la Soci\u00e9t\u00e9 Fran\u00e7aise de Cardiologie (SFC), le Coll\u00e8ge National des Cardiologues des H\u00f4pitaux (CNCH), le Syndicat National des Cardiologues (SNC) et le [&hellip;]<\/p>\n","protected":false},"author":1,"featured_media":0,"parent":0,"menu_order":0,"comment_status":"closed","ping_status":"closed","template":"","meta":{"_mi_skip_tracking":false},"yoast_head":"<!-- This site is optimized with the Yoast SEO plugin v19.7.1 - https:\/\/yoast.com\/wordpress\/plugins\/seo\/ -->\n<title>Accueil - Conseil National Professionnel CardioVasculaire<\/title>\n<meta name=\"robots\" content=\"index, follow, max-snippet:-1, max-image-preview:large, max-video-preview:-1\" \/>\n<link rel=\"canonical\" href=\"https:\/\/www.cnpcv.org\/\" \/>\n<meta property=\"og:locale\" content=\"fr_FR\" \/>\n<meta property=\"og:type\" content=\"article\" \/>\n<meta property=\"og:title\" content=\"Accueil - Conseil National Professionnel CardioVasculaire\" \/>\n<meta property=\"og:description\" content=\"Le CNPCV est un organisme officiel repr\u00e9sentant les sp\u00e9cialistes des maladies cardiovasculaires. Il regroupe \u00e0 parit\u00e9 des m\u00e9decins exer\u00e7ant sur un mode salari\u00e9 et un mode lib\u00e9ral. Les structures constituantes du CNPCV sont la Soci\u00e9t\u00e9 Fran\u00e7aise de Cardiologie (SFC), le Coll\u00e8ge National des Cardiologues des H\u00f4pitaux (CNCH), le Syndicat National des Cardiologues (SNC) et le [&hellip;]\" \/>\n<meta property=\"og:url\" content=\"https:\/\/www.cnpcv.org\/\" \/>\n<meta property=\"og:site_name\" content=\"Conseil National Professionnel CardioVasculaire\" \/>\n<meta property=\"article:modified_time\" content=\"2026-01-27T10:14:55+00:00\" \/>\n<meta property=\"og:image\" content=\"https:\/\/www.cnpcv.org\/wp-content\/plugins\/ht-mega-for-elementor\/\/assets\/images\/image-placeholder.png\" \/>\n<meta name=\"twitter:card\" content=\"summary_large_image\" \/>\n<meta name=\"twitter:label1\" content=\"Dur\u00e9e de lecture estim\u00e9e\" \/>\n\t<meta name=\"twitter:data1\" content=\"2 minutes\" \/>\n<script type=\"application\/ld+json\" class=\"yoast-schema-graph\">{\"@context\":\"https:\/\/schema.org\",\"@graph\":[{\"@type\":\"WebPage\",\"@id\":\"https:\/\/www.cnpcv.org\/\",\"url\":\"https:\/\/www.cnpcv.org\/\",\"name\":\"Accueil - Conseil National Professionnel CardioVasculaire\",\"isPartOf\":{\"@id\":\"https:\/\/www.cnpcv.org\/#website\"},\"datePublished\":\"2016-11-05T23:11:41+00:00\",\"dateModified\":\"2026-01-27T10:14:55+00:00\",\"breadcrumb\":{\"@id\":\"https:\/\/www.cnpcv.org\/#breadcrumb\"},\"inLanguage\":\"fr-FR\",\"potentialAction\":[{\"@type\":\"ReadAction\",\"target\":[\"https:\/\/www.cnpcv.org\/\"]}]},{\"@type\":\"BreadcrumbList\",\"@id\":\"https:\/\/www.cnpcv.org\/#breadcrumb\",\"itemListElement\":[{\"@type\":\"ListItem\",\"position\":1,\"name\":\"Accueil\",\"item\":\"https:\/\/www.cnpcv.org\/\"},{\"@type\":\"ListItem\",\"position\":2,\"name\":\"Accueil\"}]},{\"@type\":\"WebSite\",\"@id\":\"https:\/\/www.cnpcv.org\/#website\",\"url\":\"https:\/\/www.cnpcv.org\/\",\"name\":\"Conseil National Professionnel CardioVasculaire\",\"description\":\"\",\"publisher\":{\"@id\":\"https:\/\/www.cnpcv.org\/#organization\"},\"potentialAction\":[{\"@type\":\"SearchAction\",\"target\":{\"@type\":\"EntryPoint\",\"urlTemplate\":\"https:\/\/www.cnpcv.org\/?s={search_term_string}\"},\"query-input\":\"required name=search_term_string\"}],\"inLanguage\":\"fr-FR\"},{\"@type\":\"Organization\",\"@id\":\"https:\/\/www.cnpcv.org\/#organization\",\"name\":\"Conseil National Professionnel CardioVasculaire\",\"url\":\"https:\/\/www.cnpcv.org\/\",\"sameAs\":[],\"logo\":{\"@type\":\"ImageObject\",\"inLanguage\":\"fr-FR\",\"@id\":\"https:\/\/www.cnpcv.org\/#\/schema\/logo\/image\/\",\"url\":\"https:\/\/www.cnpcv.org\/wp-content\/uploads\/2020\/07\/Logo-CNPCV.png\",\"contentUrl\":\"https:\/\/www.cnpcv.org\/wp-content\/uploads\/2020\/07\/Logo-CNPCV.png\",\"width\":300,\"height\":59,\"caption\":\"Conseil National Professionnel CardioVasculaire\"},\"image\":{\"@id\":\"https:\/\/www.cnpcv.org\/#\/schema\/logo\/image\/\"}}]}<\/script>\n<!-- \/ Yoast SEO plugin. -->","yoast_head_json":{"title":"Accueil - Conseil National Professionnel CardioVasculaire","robots":{"index":"index","follow":"follow","max-snippet":"max-snippet:-1","max-image-preview":"max-image-preview:large","max-video-preview":"max-video-preview:-1"},"canonical":"https:\/\/www.cnpcv.org\/","og_locale":"fr_FR","og_type":"article","og_title":"Accueil - Conseil National Professionnel CardioVasculaire","og_description":"Le CNPCV est un organisme officiel repr\u00e9sentant les sp\u00e9cialistes des maladies cardiovasculaires. Il regroupe \u00e0 parit\u00e9 des m\u00e9decins exer\u00e7ant sur un mode salari\u00e9 et un mode lib\u00e9ral. Les structures constituantes du CNPCV sont la Soci\u00e9t\u00e9 Fran\u00e7aise de Cardiologie (SFC), le Coll\u00e8ge National des Cardiologues des H\u00f4pitaux (CNCH), le Syndicat National des Cardiologues (SNC) et le [&hellip;]","og_url":"https:\/\/www.cnpcv.org\/","og_site_name":"Conseil National Professionnel CardioVasculaire","article_modified_time":"2026-01-27T10:14:55+00:00","og_image":[{"url":"https:\/\/www.cnpcv.org\/wp-content\/plugins\/ht-mega-for-elementor\/\/assets\/images\/image-placeholder.png"}],"twitter_card":"summary_large_image","twitter_misc":{"Dur\u00e9e de lecture estim\u00e9e":"2 minutes"},"schema":{"@context":"https:\/\/schema.org","@graph":[{"@type":"WebPage","@id":"https:\/\/www.cnpcv.org\/","url":"https:\/\/www.cnpcv.org\/","name":"Accueil - Conseil National Professionnel CardioVasculaire","isPartOf":{"@id":"https:\/\/www.cnpcv.org\/#website"},"datePublished":"2016-11-05T23:11:41+00:00","dateModified":"2026-01-27T10:14:55+00:00","breadcrumb":{"@id":"https:\/\/www.cnpcv.org\/#breadcrumb"},"inLanguage":"fr-FR","potentialAction":[{"@type":"ReadAction","target":["https:\/\/www.cnpcv.org\/"]}]},{"@type":"BreadcrumbList","@id":"https:\/\/www.cnpcv.org\/#breadcrumb","itemListElement":[{"@type":"ListItem","position":1,"name":"Accueil","item":"https:\/\/www.cnpcv.org\/"},{"@type":"ListItem","position":2,"name":"Accueil"}]},{"@type":"WebSite","@id":"https:\/\/www.cnpcv.org\/#website","url":"https:\/\/www.cnpcv.org\/","name":"Conseil National Professionnel CardioVasculaire","description":"","publisher":{"@id":"https:\/\/www.cnpcv.org\/#organization"},"potentialAction":[{"@type":"SearchAction","target":{"@type":"EntryPoint","urlTemplate":"https:\/\/www.cnpcv.org\/?s={search_term_string}"},"query-input":"required name=search_term_string"}],"inLanguage":"fr-FR"},{"@type":"Organization","@id":"https:\/\/www.cnpcv.org\/#organization","name":"Conseil National Professionnel CardioVasculaire","url":"https:\/\/www.cnpcv.org\/","sameAs":[],"logo":{"@type":"ImageObject","inLanguage":"fr-FR","@id":"https:\/\/www.cnpcv.org\/#\/schema\/logo\/image\/","url":"https:\/\/www.cnpcv.org\/wp-content\/uploads\/2020\/07\/Logo-CNPCV.png","contentUrl":"https:\/\/www.cnpcv.org\/wp-content\/uploads\/2020\/07\/Logo-CNPCV.png","width":300,"height":59,"caption":"Conseil National Professionnel CardioVasculaire"},"image":{"@id":"https:\/\/www.cnpcv.org\/#\/schema\/logo\/image\/"}}]}},"_links":{"self":[{"href":"https:\/\/www.cnpcv.org\/index.php\/wp-json\/wp\/v2\/pages\/240"}],"collection":[{"href":"https:\/\/www.cnpcv.org\/index.php\/wp-json\/wp\/v2\/pages"}],"about":[{"href":"https:\/\/www.cnpcv.org\/index.php\/wp-json\/wp\/v2\/types\/page"}],"author":[{"embeddable":true,"href":"https:\/\/www.cnpcv.org\/index.php\/wp-json\/wp\/v2\/users\/1"}],"replies":[{"embeddable":true,"href":"https:\/\/www.cnpcv.org\/index.php\/wp-json\/wp\/v2\/comments?post=240"}],"version-history":[{"count":93,"href":"https:\/\/www.cnpcv.org\/index.php\/wp-json\/wp\/v2\/pages\/240\/revisions"}],"predecessor-version":[{"id":1723628,"href":"https:\/\/www.cnpcv.org\/index.php\/wp-json\/wp\/v2\/pages\/240\/revisions\/1723628"}],"wp:attachment":[{"href":"https:\/\/www.cnpcv.org\/index.php\/wp-json\/wp\/v2\/media?parent=240"}],"curies":[{"name":"wp","href":"https:\/\/api.w.org\/{rel}","templated":true}]}}